{"id":376,"date":"2025-04-22T13:54:11","date_gmt":"2025-04-22T11:54:11","guid":{"rendered":"https:\/\/goternx.de\/nl\/?page_id=376"},"modified":"2026-03-23T00:10:09","modified_gmt":"2026-03-22T23:10:09","slug":"haendler","status":"publish","type":"page","link":"https:\/\/goternx.de\/nl\/haendler\/","title":{"rendered":"H\u00e4ndler"},"content":{"rendered":"<div class=\"gb-container gb-container-006e3e20\">\n<div class=\"gb-container gb-container-9ce6a9e4\">\n\n<h1 class=\"gb-headline gb-headline-4708dc86 gb-headline-text\">H\u00e4ndlerverzeichnis<\/h1>\n\n\n<div class=\"gb-grid-wrapper gb-grid-wrapper-92e3e950\">\n<div class=\"gb-grid-column gb-grid-column-9f92fcc8\"><div class=\"gb-container gb-container-9f92fcc8\">\n\n<p class=\"gb-headline gb-headline-f7ab17f6 gb-headline-text\">M\u00f6chtest du dir den TernX gerne einfach mal live ansehen? Hier findest du eine Liste aller H\u00e4ndler in Deutschland, \u00d6sterreich und der Schweiz, die dich gerne rund um den TernX beraten.<\/p>\n\n<\/div><\/div>\n<\/div>\n<\/div>\n<\/div>\n\n<div class=\"gb-container gb-container-2d14bad4\">\n<div class=\"gb-container gb-container-41fb6417\">\n\n<h2 class=\"gb-headline gb-headline-80e70022 gb-headline-text\">TernX in Deutschland<\/h2>\n\n\n<div class=\"gb-grid-wrapper gb-grid-wrapper-4ed6031e\">\n<div class=\"gb-grid-column gb-grid-column-fb8e411d\"><div class=\"gb-container gb-container-fb8e411d\">\n\n<p><strong>KIND DER STADT Hamburg<\/strong><br>Eppendorfer Weg 54<br>20259 Hamburg-Eimsb\u00fcttel<br>Telefon: +49 (0) 40 70 97 92 00<br>E-Mail:&nbsp;<a href=\"mailto:hamburg@kind-der-stadt.de\">hamburg@kind-der-stadt.de<\/a><br>Instagram: @kindderstadthamburg<\/p>\n\n<\/div><\/div>\n\n<div class=\"gb-grid-column gb-grid-column-ce6eb789\"><div class=\"gb-container gb-container-ce6eb789\">\n\n<p><strong>KIND DER STADT Bremen<\/strong><br>Violenstr. 33<br>28195 Bremen<br>Telefon: +49 (0) 421 &#8211; 22 38 68 86<br>E-Mail:&nbsp;<a href=\"mailto:bremen@kind-der-stadt.de\">bremen@kind-der-stadt.de<\/a><br>Instagram: @kindderstadtbremen<\/p>\n\n<\/div><\/div>\n\n<div class=\"gb-grid-column gb-grid-column-2a21a6cb\"><div class=\"gb-container gb-container-2a21a6cb\">\n\n<p><strong>KIND DER STADT Hannover<\/strong><br>Podbielskistr. 10<br>30163 Hannover<br>Telefon: +49 (0) 511 &#8211; 390 62 502<br>E-Mail:&nbsp;<a href=\"mailto:hannover@kind-der-stadt.de\">hannover@kind-der-stadt.de<\/a><br>Instagram: @kindderstadthannover<\/p>\n\n<\/div><\/div>\n\n<div class=\"gb-grid-column gb-grid-column-0c2fbab9\"><div class=\"gb-container gb-container-0c2fbab9\">\n\n<p><strong>KIND DER STADT M\u00fcnster<\/strong><br>Spiekerhof 31<br>48143 M\u00fcnster<br>Telefon: +49 (0) 251 &#8211; 27041367<br>E-Mail:&nbsp;<a href=\"mailto:muenster@kind-der-stadt.de\">muenster@kind-der-stadt.de<\/a><br>Instagram: @kindderstadtms<\/p>\n\n<\/div><\/div>\n\n<div class=\"gb-grid-column gb-grid-column-6f3a7a2d\"><div class=\"gb-container gb-container-6f3a7a2d\">\n\n<p><strong>KIND DER STADT Aschaffenburg<\/strong>&nbsp;<br>Steingasse 18<br>63739 Aschaffenburg<\/p>\n\n<\/div><\/div>\n\n<div class=\"gb-grid-column gb-grid-column-6fa1ed1a\"><div class=\"gb-container gb-container-6fa1ed1a\">\n\n<p><strong>KIND DER STADT Bocholt<\/strong>&nbsp;<br>Nordstra\u00dfe 31<br>46399 Bocholt<br>Telefon: +49 (0) 2871 2927793<\/p>\n\n<\/div><\/div>\n\n<div class=\"gb-grid-column gb-grid-column-15e84a31\"><div class=\"gb-container gb-container-15e84a31\">\n\n<p><strong>KIND DER STADT Regensburg&nbsp;<\/strong><br>Baumhackergasse 1<br>93047 Regensburg<br>Telefon: +49 (0) 941 83097310<\/p>\n\n<\/div><\/div>\n\n<div class=\"gb-grid-column gb-grid-column-a7363040\"><div class=\"gb-container gb-container-a7363040\">\n\n<p><strong>KIND DER STADT Dortmund<\/strong><br>Kaiserstra\u00dfe 70<br>44135 Dortmund<br>Telefon: +49 (0) 231 &#8211; 77571109<br>E-Mail:&nbsp;<a href=\"mailto:dortmund@kind-der-stadt.de\">dortmund@kind-der-stadt.de<\/a><br>Instagram: @kindderstadtdortmund<\/p>\n\n<\/div><\/div>\n\n<div class=\"gb-grid-column gb-grid-column-1a63c639\"><div class=\"gb-container gb-container-1a63c639\">\n\n<p><strong>KIND DER STADT Heidelberg<\/strong><br>Schillerstrasse 32<br>69115 Heidelberg<br>Telefon: +49 (0) 6221 65 44 490<br>E-Mail:&nbsp;<a href=\"mailto:heidelberg@kind-der-stadt.de\">heidelberg@kind-der-stadt.de<\/a><br>Instagram: @kindderstadtheidelberg<\/p>\n\n<\/div><\/div>\n\n<div class=\"gb-grid-column gb-grid-column-23f9bd1c\"><div class=\"gb-container gb-container-23f9bd1c\">\n\n<p><strong>Schwarzwaldkind im Wohnpark Binzen<\/strong><br>Konrad-Zuse-Stra\u00dfe 6<br>79589 Binzen<br>Telefon: +49 (0) 7621 9142560<br>E-Mail: <a href=\"mailto:store@schwarzwaldkind.de\">store@schwarzwaldkind.de<\/a><br><a href=\"http:\/\/www.schwarzwaldkind.de\" target=\"_blank\" rel=\"noreferrer noopener\">www.schwarzwaldkind.de<\/a><\/p>\n\n<\/div><\/div>\n\n<div class=\"gb-grid-column gb-grid-column-de89353f\"><div class=\"gb-container gb-container-de89353f\">\n\n<p><strong>Baby Kochs GmbH &amp; Co.<\/strong><br>Breite Stra\u00dfe 3<br>40213 D\u00fcsseldorf<br>Telefon: +49 (0)211 355 944 0<br>E-Mail:<a href=\"E-Mail:\u00a0info@babykochs.de\">\u00a0<a href=\"mailto:info@babykochs.de\">info@babykochs.de<\/a><\/a><br><a href=\"http:\/\/www.babykochs.de\" target=\"_blank\" rel=\"noreferrer noopener nofollow\">www.babykochs.de<\/a><\/p>\n\n<\/div><\/div>\n\n<div class=\"gb-grid-column gb-grid-column-5e85d8df\"><div class=\"gb-container gb-container-5e85d8df\">\n\n<p><strong>August Pf\u00fcller KIDS<\/strong><br>Goethestra\u00dfe 12<br>60313 Frankfurt am Main<br>Telefon: +49 (0) 69 13378070<br><a href=\"https:\/\/august-pfueller.de\" target=\"_blank\" rel=\"noreferrer noopener nofollow\">www.august-pfueller.de<\/a><\/p>\n\n<\/div><\/div>\n\n<div class=\"gb-grid-column gb-grid-column-e6e4b588\"><div class=\"gb-container gb-container-e6e4b588\">\n\n<p><strong>Korbmayer GmbH<\/strong><br>Schulstra\u00dfe 2<br>70173 Stuttgart<br>Telefon: +49 (0) 711 229810<br><a href=\"http:\/\/www.korbmayer.de\" target=\"_blank\" rel=\"noreferrer noopener nofollow\">www.korbmayer.de<\/a><\/p>\n\n<\/div><\/div>\n\n<div class=\"gb-grid-column gb-grid-column-c006bbf4\"><div class=\"gb-container gb-container-c006bbf4\">\n\n<p><strong>StrollMe GmbH<\/strong><br>Sachsenh\u00e4user Landwehrweg 371<br>60598 Frankfurt<br><a href=\"https:\/\/www.strollme.com\/de\" target=\"_blank\" rel=\"noopener\">https:\/\/www.strollme.com\/de<\/a><\/p>\n\n<\/div><\/div>\n<\/div>\n<\/div>\n<\/div>\n\n<div class=\"gb-container gb-container-5fe064ab\">\n<div class=\"gb-container gb-container-fcf3bfdc\">\n\n<h2 class=\"gb-headline gb-headline-d0150274 gb-headline-text\">TernX in \u00d6sterreich<\/h2>\n\n\n<div class=\"gb-grid-wrapper gb-grid-wrapper-47c28be0\">\n<div class=\"gb-grid-column gb-grid-column-07fe8347\"><div class=\"gb-container gb-container-07fe8347\">\n\n<p><strong>Herr und Frau Klein<\/strong><br>Kirchengasse 7<br>1070 Wien<br>\u00d6sterreich<br><a href=\"https:\/\/www.herrundfrauklein.com\/\" target=\"_blank\" rel=\"noreferrer noopener nofollow\">www.herrundfrauklein.com<\/a><\/p>\n\n<\/div><\/div>\n\n<div class=\"gb-grid-column gb-grid-column-47068fd1\"><div class=\"gb-container gb-container-47068fd1\"><\/div><\/div>\n<\/div>\n<\/div>\n<\/div>\n\n<div class=\"gb-container gb-container-2c7401fc\">\n<div class=\"gb-container gb-container-e158ae4b\">\n\n<h2 class=\"gb-headline gb-headline-9a29ad91 gb-headline-text\">TernX in der Schweiz<\/h2>\n\n\n<div class=\"gb-grid-wrapper gb-grid-wrapper-74d9f09a\">\n<div class=\"gb-grid-column gb-grid-column-5379c6c7\"><div class=\"gb-container gb-container-5379c6c7\">\n\n<p><strong>4mybaby AG<br><\/strong>Dorfplatz 8<br>8854 Galgenen<br>Schweiz<br>Telefon:\u00a0+41 55 460 28 28<br><a href=\"http:\/\/www.4mybaby.ch\" target=\"_blank\" rel=\"noreferrer noopener nofollow\">www.4mybaby.ch<\/a><\/p>\n\n<\/div><\/div>\n\n<div class=\"gb-grid-column gb-grid-column-af9afb73\"><div class=\"gb-container gb-container-af9afb73\"><\/div><\/div>\n<\/div>\n<\/div>\n<\/div>\n\n\n<p><\/p>\n","protected":false},"excerpt":{"rendered":"<p>H\u00e4ndlerverzeichnis TernX in Deutschland TernX in \u00d6sterreich TernX in der Schweiz<\/p>\n","protected":false},"author":1,"featured_media":0,"parent":0,"menu_order":0,"comment_status":"closed","ping_status":"closed","template":"","meta":{"_glsr_average":0,"_glsr_ranking":0,"_glsr_reviews":0,"footnotes":""},"class_list":["post-376","page","type-page","status-publish"],"_links":{"self":[{"href":"https:\/\/goternx.de\/nl\/wp-json\/wp\/v2\/pages\/376","targetHints":{"allow":["GET"]}}],"collection":[{"href":"https:\/\/goternx.de\/nl\/wp-json\/wp\/v2\/pages"}],"about":[{"href":"https:\/\/goternx.de\/nl\/wp-json\/wp\/v2\/types\/page"}],"author":[{"embeddable":true,"href":"https:\/\/goternx.de\/nl\/wp-json\/wp\/v2\/users\/1"}],"replies":[{"embeddable":true,"href":"https:\/\/goternx.de\/nl\/wp-json\/wp\/v2\/comments?post=376"}],"version-history":[{"count":2,"href":"https:\/\/goternx.de\/nl\/wp-json\/wp\/v2\/pages\/376\/revisions"}],"predecessor-version":[{"id":563,"href":"https:\/\/goternx.de\/nl\/wp-json\/wp\/v2\/pages\/376\/revisions\/563"}],"wp:attachment":[{"href":"https:\/\/goternx.de\/nl\/wp-json\/wp\/v2\/media?parent=376"}],"curies":[{"name":"wp","href":"https:\/\/api.w.org\/{rel}","templated":true}]}}